{"id":26190,"date":"2024-07-31T16:26:30","date_gmt":"2024-07-31T14:26:30","guid":{"rendered":"https:\/\/balkaninfluencers.com\/?page_id=26190"},"modified":"2025-05-23T15:22:48","modified_gmt":"2025-05-23T13:22:48","slug":"influencer","status":"publish","type":"page","link":"https:\/\/balkaninfluencers.com\/en\/apliko\/influencer\/","title":{"rendered":"Apply as an Influencer"},"content":{"rendered":"<div data-elementor-type=\"wp-page\" data-elementor-id=\"26190\" class=\"elementor elementor-26190\" data-elementor-post-type=\"page\">\n\t\t\t\t<div class=\"elementor-element elementor-element-ee69520 e-flex e-con-boxed e-con e-parent\" data-id=\"ee69520\" data-element_type=\"container\" data-e-type=\"container\">\n\t\t\t\t\t<div class=\"e-con-inner\">\n\t\t<div class=\"elementor-element elementor-element-00eb6ee e-con-full e-flex e-con e-child\" data-id=\"00eb6ee\" data-element_type=\"container\" data-e-type=\"container\">\n\t\t\t\t<div class=\"elementor-element elementor-element-48dcc0e animated-fast elementor-widget elementor-widget-elementskit-heading\" data-id=\"48dcc0e\" data-element_type=\"widget\" data-e-type=\"widget\" data-settings=\"{&quot;_animation&quot;:&quot;none&quot;,&quot;_animation_delay&quot;:100,&quot;ekit_we_effect_on&quot;:&quot;none&quot;}\" data-widget_type=\"elementskit-heading.default\">\n\t\t\t\t<div class=\"elementor-widget-container\">\n\t\t\t\t\t<div class=\"ekit-wid-con\" ><div class=\"ekit-heading elementskit-section-title-wraper text_left   ekit_heading_tablet-   ekit_heading_mobile-text_left\"><h1 class=\"ekit-heading--title elementskit-section-title\">Become a Balkan Influencers Creator!<\/h1>\t\t\t\t<div class='ekit-heading__description'>\n\t\t\t\t\t<p>With Balkan Influencers, you will be empowered to grow and optimize your community like never before by converting your audience into lifelong, loyal Shoppers. Join our community of top-tier creators and gain access to our network of brands and shoppers, today!<\/p>\n\t\t\t\t<\/div>\n\t\t\t<\/div><\/div>\t\t\t\t<\/div>\n\t\t\t\t<\/div>\n\t\t\t\t<div class=\"elementor-element elementor-element-c95b443 elementor-widget elementor-widget-text-editor\" data-id=\"c95b443\" data-element_type=\"widget\" data-e-type=\"widget\" data-settings=\"{&quot;ekit_we_effect_on&quot;:&quot;none&quot;}\" data-widget_type=\"text-editor.default\">\n\t\t\t\t<div class=\"elementor-widget-container\">\n\t\t\t\t\t\t\t\t\t<p class=\"list-label\" data-msgid=\"We're looking for Creators with:\" data-current-language=\"en_US\">We\u2019re looking for Creators with:<\/p><ul><li data-msgid=\"A public social media profile.\" data-current-language=\"en_US\">A public social media profile.<\/li><li data-msgid=\"A high number of engaged followers on your social media channels.\" data-current-language=\"en_US\">A high number of engaged followers on your social media channels.<\/li><li data-msgid=\" Content highlighting the brands and products that you love and use, posted regularly (our ideal Creator applicant posts content daily!) \" data-current-language=\"en_US\">Content highlighting the brands and products that you love and use, posted regularly (our ideal Creator applicant posts content daily!)<\/li><\/ul>\t\t\t\t\t\t\t\t<\/div>\n\t\t\t\t<\/div>\n\t\t<div class=\"elementor-element elementor-element-b105d37 e-con-full e-flex e-con e-child\" data-id=\"b105d37\" data-element_type=\"container\" data-e-type=\"container\">\n\t\t\t\t<div class=\"elementor-element elementor-element-230547a elementor-align-left elementor-widget-mobile__width-auto elementor-widget elementor-widget-elementskit-button\" data-id=\"230547a\" data-element_type=\"widget\" data-e-type=\"widget\" data-settings=\"{&quot;ekit_we_effect_on&quot;:&quot;none&quot;}\" data-widget_type=\"elementskit-button.default\">\n\t\t\t\t<div class=\"elementor-widget-container\">\n\t\t\t\t\t<div class=\"ekit-wid-con\" >\t\t<div class=\"ekit-btn-wraper\">\n\t\t\t\t\t\t\t<a href=\"\/en\/apliko\/influencer\/rreth-teje\/\" class=\"elementskit-btn  whitespace--normal\" id=\"\">\n\t\t\t\t\t<i class=\"icon icon-diamond1\"><\/i>Apply Now\t\t\t\t<\/a>\n\t\t\t\t\t<\/div>\n        <\/div>\t\t\t\t<\/div>\n\t\t\t\t<\/div>\n\t\t\t\t<\/div>\n\t\t\t\t<\/div>\n\t\t<div class=\"elementor-element elementor-element-345bb7b e-con-full e-flex e-con e-child\" data-id=\"345bb7b\" data-element_type=\"container\" data-e-type=\"container\" data-settings=\"{&quot;background_background&quot;:&quot;classic&quot;}\">\n\t\t\t\t<\/div>\n\t\t\t\t\t<\/div>\n\t\t\t\t<\/div>\n\t\t\t\t<\/div>","protected":false},"excerpt":{"rendered":"<p>B\u00ebhu Krijues i Shet Influencer ! Me Shet Influencer, do t\u00eb keni mund\u00ebsin\u00eb t\u00eb rritni dhe optimizoni komunitetin tuaj si kurr\u00eb m\u00eb par\u00eb duke e kthyer audienc\u00ebn tuaj n\u00eb bler\u00ebs besnik\u00eb p\u00ebr t\u00eb gjith\u00eb jet\u00ebn. Bashkohuni me komunitetin ton\u00eb t\u00eb krijuesve t\u00eb nivelit t\u00eb lart\u00eb dhe fitojeni aksesin n\u00eb rrjetin ton\u00eb t\u00eb markave dhe bler\u00ebsve, [&hellip;]<\/p>","protected":false},"author":1,"featured_media":0,"parent":26177,"menu_order":0,"comment_status":"closed","ping_status":"closed","template":"","meta":{"footnotes":""},"class_list":["post-26190","page","type-page","status-publish","hentry"],"_links":{"self":[{"href":"https:\/\/balkaninfluencers.com\/en\/wp-json\/wp\/v2\/pages\/26190","targetHints":{"allow":["GET"]}}],"collection":[{"href":"https:\/\/balkaninfluencers.com\/en\/wp-json\/wp\/v2\/pages"}],"about":[{"href":"https:\/\/balkaninfluencers.com\/en\/wp-json\/wp\/v2\/types\/page"}],"author":[{"embeddable":true,"href":"https:\/\/balkaninfluencers.com\/en\/wp-json\/wp\/v2\/users\/1"}],"replies":[{"embeddable":true,"href":"https:\/\/balkaninfluencers.com\/en\/wp-json\/wp\/v2\/comments?post=26190"}],"version-history":[{"count":0,"href":"https:\/\/balkaninfluencers.com\/en\/wp-json\/wp\/v2\/pages\/26190\/revisions"}],"up":[{"embeddable":true,"href":"https:\/\/balkaninfluencers.com\/en\/wp-json\/wp\/v2\/pages\/26177"}],"wp:attachment":[{"href":"https:\/\/balkaninfluencers.com\/en\/wp-json\/wp\/v2\/media?parent=26190"}],"curies":[{"name":"wp","href":"https:\/\/api.w.org\/{rel}","templated":true}]}}