{"id":26175,"date":"2024-07-31T16:15:56","date_gmt":"2024-07-31T14:15:56","guid":{"rendered":"https:\/\/balkaninfluencers.com\/?page_id=26175"},"modified":"2025-05-21T14:53:26","modified_gmt":"2025-05-21T12:53:26","slug":"biznes","status":"publish","type":"page","link":"https:\/\/balkaninfluencers.com\/en\/apliko\/biznes\/","title":{"rendered":"Apply as a Business"},"content":{"rendered":"<div data-elementor-type=\"wp-page\" data-elementor-id=\"26175\" class=\"elementor elementor-26175\" data-elementor-post-type=\"page\">\n\t\t\t\t<div class=\"elementor-element elementor-element-ee69520 e-flex e-con-boxed e-con e-parent\" data-id=\"ee69520\" data-element_type=\"container\" data-e-type=\"container\">\n\t\t\t\t\t<div class=\"e-con-inner\">\n\t\t<div class=\"elementor-element elementor-element-00eb6ee e-con-full e-flex e-con e-child\" data-id=\"00eb6ee\" data-element_type=\"container\" data-e-type=\"container\">\n\t\t\t\t<div class=\"elementor-element elementor-element-48dcc0e animated-fast elementor-widget elementor-widget-elementskit-heading\" data-id=\"48dcc0e\" data-element_type=\"widget\" data-e-type=\"widget\" data-settings=\"{&quot;_animation&quot;:&quot;none&quot;,&quot;_animation_delay&quot;:100,&quot;ekit_we_effect_on&quot;:&quot;none&quot;}\" data-widget_type=\"elementskit-heading.default\">\n\t\t\t\t<div class=\"elementor-widget-container\">\n\t\t\t\t\t<div class=\"ekit-wid-con\" ><div class=\"ekit-heading elementskit-section-title-wraper text_left   ekit_heading_tablet-   ekit_heading_mobile-text_left\"><h1 class=\"ekit-heading--title elementskit-section-title\">Balkan Influencers Brand Application<\/h1>\t\t\t\t<div class='ekit-heading__description'>\n\t\t\t\t\t<p>Thank you for your interest. Please complete the form so we are able to assist you properly. A representative will be in touch with you shortly to provide next steps in the application process.<\/p>\n\t\t\t\t<\/div>\n\t\t\t<\/div><\/div>\t\t\t\t<\/div>\n\t\t\t\t<\/div>\n\t\t\t\t<div class=\"elementor-element elementor-element-5d52b7d elementor-button-align-start elementor-widget elementor-widget-form\" data-id=\"5d52b7d\" data-element_type=\"widget\" data-e-type=\"widget\" data-settings=\"{&quot;step_next_label&quot;:&quot;Vazhdo&quot;,&quot;step_previous_label&quot;:&quot;Kthehu mbrapa&quot;,&quot;button_width&quot;:&quot;100&quot;,&quot;step_type&quot;:&quot;number_text&quot;,&quot;step_icon_shape&quot;:&quot;circle&quot;,&quot;ekit_we_effect_on&quot;:&quot;none&quot;}\" data-widget_type=\"form.default\">\n\t\t\t\t<div class=\"elementor-widget-container\">\n\t\t\t\t\t\t\t<form class=\"elementor-form\" method=\"post\" name=\"Apply as Brand\" aria-label=\"Apply as Brand\" action=\"\">\r\n\t\t\t<input type=\"hidden\" name=\"post_id\" value=\"26175\"\/>\r\n\t\t\t<input type=\"hidden\" name=\"form_id\" value=\"5d52b7d\"\/>\r\n\t\t\t<input type=\"hidden\" name=\"referer_title\" value=\"Apliko si Biznes &#x2d; BALKAN INFLUENCERS\" \/>\r\n\r\n\t\t\t\t\t\t\t<input type=\"hidden\" name=\"queried_id\" value=\"26175\"\/>\r\n\t\t\t\r\n\t\t\t<div class=\"elementor-form-fields-wrapper elementor-labels-above\">\r\n\t\t\t\t\t\t\t\t<div class=\"elementor-field-type-text elementor-field-group elementor-column elementor-field-group-form_free_consultation_first_name elementor-col-50 elementor-field-required elementor-mark-required\">\r\n\t\t\t\t\t\t\t\t\t\t\t\t<label for=\"form-field-form_free_consultation_first_name\" class=\"elementor-field-label\">\r\n\t\t\t\t\t\t\t\tFirst name\t\t\t\t\t\t\t<\/label>\r\n\t\t\t\t\t\t\t\t\t\t\t\t\t\t<input size=\"1\" type=\"text\" name=\"form_fields[form_free_consultation_first_name]\" id=\"form-field-form_free_consultation_first_name\" class=\"elementor-field elementor-size-sm  elementor-field-textual\" required=\"required\">\r\n\t\t\t\t\t\t\t\t\t\t\t<\/div>\r\n\t\t\t\t\t\t\t\t<div class=\"elementor-field-type-text elementor-field-group elementor-column elementor-field-group-form_free_consultation_last_name elementor-col-50 elementor-field-required elementor-mark-required\">\r\n\t\t\t\t\t\t\t\t\t\t\t\t<label for=\"form-field-form_free_consultation_last_name\" class=\"elementor-field-label\">\r\n\t\t\t\t\t\t\t\tLast name\t\t\t\t\t\t\t<\/label>\r\n\t\t\t\t\t\t\t\t\t\t\t\t\t\t<input size=\"1\" type=\"text\" name=\"form_fields[form_free_consultation_last_name]\" id=\"form-field-form_free_consultation_last_name\" class=\"elementor-field elementor-size-sm  elementor-field-textual\" required=\"required\">\r\n\t\t\t\t\t\t\t\t\t\t\t<\/div>\r\n\t\t\t\t\t\t\t\t<div class=\"elementor-field-type-email elementor-field-group elementor-column elementor-field-group-form_free_email elementor-col-50 elementor-field-required elementor-mark-required\">\r\n\t\t\t\t\t\t\t\t\t\t\t\t<label for=\"form-field-form_free_email\" class=\"elementor-field-label\">\r\n\t\t\t\t\t\t\t\tEmail\t\t\t\t\t\t\t<\/label>\r\n\t\t\t\t\t\t\t\t\t\t\t\t\t\t<input size=\"1\" type=\"email\" name=\"form_fields[form_free_email]\" id=\"form-field-form_free_email\" class=\"elementor-field elementor-size-sm  elementor-field-textual\" required=\"required\">\r\n\t\t\t\t\t\t\t\t\t\t\t<\/div>\r\n\t\t\t\t\t\t\t\t<div class=\"elementor-field-type-tel elementor-field-group elementor-column elementor-field-group-telnumber elementor-col-50 elementor-field-required elementor-mark-required\">\r\n\t\t\t\t\t\t\t\t\t\t\t\t<label for=\"form-field-telnumber\" class=\"elementor-field-label\">\r\n\t\t\t\t\t\t\t\tPhone\t\t\t\t\t\t\t<\/label>\r\n\t\t\t\t\t\t\t\t<input size=\"1\" type=\"tel\" name=\"form_fields[telnumber]\" id=\"form-field-telnumber\" class=\"elementor-field elementor-size-sm  elementor-field-textual\" required=\"required\" pattern=\"[0-9()#&amp;+*-=.]+\" title=\"Only numbers and phone characters (#, -, *, etc) are accepted.\">\r\n\r\n\t\t\t\t\t\t<\/div>\r\n\t\t\t\t\t\t\t\t<div class=\"elementor-field-type-text elementor-field-group elementor-column elementor-field-group-companyname elementor-col-50 elementor-field-required elementor-mark-required\">\r\n\t\t\t\t\t\t\t\t\t\t\t\t<label for=\"form-field-companyname\" class=\"elementor-field-label\">\r\n\t\t\t\t\t\t\t\tCompany Name\t\t\t\t\t\t\t<\/label>\r\n\t\t\t\t\t\t\t\t\t\t\t\t\t\t<input size=\"1\" type=\"text\" name=\"form_fields[companyname]\" id=\"form-field-companyname\" class=\"elementor-field elementor-size-sm  elementor-field-textual\" required=\"required\">\r\n\t\t\t\t\t\t\t\t\t\t\t<\/div>\r\n\t\t\t\t\t\t\t\t<div class=\"elementor-field-type-text elementor-field-group elementor-column elementor-field-group-socialmediaaccount elementor-col-50 elementor-field-required elementor-mark-required\">\r\n\t\t\t\t\t\t\t\t\t\t\t\t<label for=\"form-field-socialmediaaccount\" class=\"elementor-field-label\">\r\n\t\t\t\t\t\t\t\tCompany Website or Social Media Profile\t\t\t\t\t\t\t<\/label>\r\n\t\t\t\t\t\t\t\t\t\t\t\t\t\t<input size=\"1\" type=\"text\" name=\"form_fields[socialmediaaccount]\" id=\"form-field-socialmediaaccount\" class=\"elementor-field elementor-size-sm  elementor-field-textual\" required=\"required\">\r\n\t\t\t\t\t\t\t\t\t\t\t<\/div>\r\n\t\t\t\t\t\t\t\t<div class=\"elementor-field-type-number elementor-field-group elementor-column elementor-field-group-followers elementor-col-50 elementor-field-required elementor-mark-required\">\r\n\t\t\t\t\t\t\t\t\t\t\t\t<label for=\"form-field-followers\" class=\"elementor-field-label\">\r\n\t\t\t\t\t\t\t\tHow many total social followers does your brand have on a main social channel, such as instagram and\/or tiktok? (this will be verified by our team)\t\t\t\t\t\t\t<\/label>\r\n\t\t\t\t\t\t\t\t\t<input type=\"number\" name=\"form_fields[followers]\" id=\"form-field-followers\" class=\"elementor-field elementor-size-sm  elementor-field-textual\" required=\"required\" min=\"100\" max=\"\" >\r\n\t\t\t\t\t\t<\/div>\r\n\t\t\t\t\t\t\t\t<div class=\"elementor-field-type-select elementor-field-group elementor-column elementor-field-group-city elementor-col-50 elementor-field-required elementor-mark-required\">\r\n\t\t\t\t\t\t\t\t\t\t\t\t<label for=\"form-field-city\" class=\"elementor-field-label\">\r\n\t\t\t\t\t\t\t\tWhich city is your company located in?\t\t\t\t\t\t\t<\/label>\r\n\t\t\t\t\t\t\t\t<div class=\"elementor-field elementor-select-wrapper remove-before\">\r\n\t\t\t<div class=\"select-caret-down-wrapper\">\r\n\t\t\t\t<i aria-hidden=\"true\" class=\"eicon-caret-down\"><\/i>\t\t\t<\/div>\r\n\t\t\t<select name=\"form_fields[city]\" id=\"form-field-city\" class=\"elementor-field-textual elementor-size-sm\" required=\"required\">\r\n\t\t\t\t\t\t\t\t\t<option value=\"-Zgjidhni opsionin-\">-Choose an option-<\/option>\r\n\t\t\t\t\t\t\t\t\t<option value=\"Tiran\u00eb\">Tirana<\/option>\r\n\t\t\t\t\t\t\t\t\t<option value=\"Prishtina\">Prishtina<\/option>\r\n\t\t\t\t\t\t\t\t\t<option value=\"Shkup\">Shkup<\/option>\r\n\t\t\t\t\t\t\t\t\t<option value=\"Athin\u00eb\">Athens<\/option>\r\n\t\t\t\t\t\t\t\t\t<option value=\"Beograd\">Belgrade<\/option>\r\n\t\t\t\t\t\t\t\t\t<option value=\"Tjet\u00ebr\">Other<\/option>\r\n\t\t\t\t\t\t\t<\/select>\r\n\t\t<\/div>\r\n\t\t\t\t\t\t<\/div>\r\n\t\t\t\t\t\t\t\t<div class=\"elementor-field-type-select elementor-field-group elementor-column elementor-field-group-category elementor-col-50 elementor-field-required elementor-mark-required\">\r\n\t\t\t\t\t\t\t\t\t\t\t\t<label for=\"form-field-category\" class=\"elementor-field-label\">\r\n\t\t\t\t\t\t\t\tCategory\t\t\t\t\t\t\t<\/label>\r\n\t\t\t\t\t\t\t\t<div class=\"elementor-field elementor-select-wrapper remove-before\">\r\n\t\t\t<div class=\"select-caret-down-wrapper\">\r\n\t\t\t\t<i aria-hidden=\"true\" class=\"eicon-caret-down\"><\/i>\t\t\t<\/div>\r\n\t\t\t<select name=\"form_fields[category]\" id=\"form-field-category\" class=\"elementor-field-textual elementor-size-sm\" required=\"required\">\r\n\t\t\t\t\t\t\t\t\t<option value=\"-Zgjidhni nj\u00eb opsion-\">-Choose an option-<\/option>\r\n\t\t\t\t\t\t\t\t\t<option value=\"Fashion\">Fashion<\/option>\r\n\t\t\t\t\t\t\t\t\t<option value=\"Tourism\">Tourism<\/option>\r\n\t\t\t\t\t\t\t\t\t<option value=\"Food &amp; Beverages\">Food &amp; Beverages<\/option>\r\n\t\t\t\t\t\t\t\t\t<option value=\"Tjet\u00ebr\">Other<\/option>\r\n\t\t\t\t\t\t\t<\/select>\r\n\t\t<\/div>\r\n\t\t\t\t\t\t<\/div>\r\n\t\t\t\t\t\t\t\t<div class=\"elementor-field-type-text elementor-field-group elementor-column elementor-field-group-pershkrim elementor-col-50 elementor-field-required elementor-mark-required\">\r\n\t\t\t\t\t\t\t\t\t\t\t\t<label for=\"form-field-pershkrim\" class=\"elementor-field-label\">\r\n\t\t\t\t\t\t\t\tWhat best describes you?\t\t\t\t\t\t\t<\/label>\r\n\t\t\t\t\t\t\t\t\t\t\t\t\t\t<input size=\"1\" type=\"text\" name=\"form_fields[pershkrim]\" id=\"form-field-pershkrim\" class=\"elementor-field elementor-size-sm  elementor-field-textual\" required=\"required\">\r\n\t\t\t\t\t\t\t\t\t\t\t<\/div>\r\n\t\t\t\t\t\t\t\t<div class=\"elementor-field-type-text elementor-field-group elementor-column elementor-field-group-pay elementor-col-50 elementor-field-required elementor-mark-required\">\r\n\t\t\t\t\t\t\t\t\t\t\t\t<label for=\"form-field-pay\" class=\"elementor-field-label\">\r\n\t\t\t\t\t\t\t\tAre you interested in paying creators to run campaigns specific to your brand?\t\t\t\t\t\t\t<\/label>\r\n\t\t\t\t\t\t\t\t\t\t\t\t\t\t<input size=\"1\" type=\"text\" name=\"form_fields[pay]\" id=\"form-field-pay\" class=\"elementor-field elementor-size-sm  elementor-field-textual\" required=\"required\">\r\n\t\t\t\t\t\t\t\t\t\t\t<\/div>\r\n\t\t\t\t\t\t\t\t<div class=\"elementor-field-type-text elementor-field-group elementor-column elementor-field-group-chooseinfluencer elementor-col-50 elementor-field-required elementor-mark-required\">\r\n\t\t\t\t\t\t\t\t\t\t\t\t<label for=\"form-field-chooseinfluencer\" class=\"elementor-field-label\">\r\n\t\t\t\t\t\t\t\tWhich influencers interest you and what are your requests?\t\t\t\t\t\t\t<\/label>\r\n\t\t\t\t\t\t\t\t\t\t\t\t\t\t<input size=\"1\" type=\"text\" name=\"form_fields[chooseinfluencer]\" id=\"form-field-chooseinfluencer\" class=\"elementor-field elementor-size-sm  elementor-field-textual\" required=\"required\">\r\n\t\t\t\t\t\t\t\t\t\t\t<\/div>\r\n\t\t\t\t\t\t\t\t<div class=\"elementor-field-type-text elementor-field-group elementor-column elementor-field-group-qellimi elementor-col-50 elementor-field-required elementor-mark-required\">\r\n\t\t\t\t\t\t\t\t\t\t\t\t<label for=\"form-field-qellimi\" class=\"elementor-field-label\">\r\n\t\t\t\t\t\t\t\tWhat is your primary goal?\t\t\t\t\t\t\t<\/label>\r\n\t\t\t\t\t\t\t\t\t\t\t\t\t\t<input size=\"1\" type=\"text\" name=\"form_fields[qellimi]\" id=\"form-field-qellimi\" class=\"elementor-field elementor-size-sm  elementor-field-textual\" required=\"required\">\r\n\t\t\t\t\t\t\t\t\t\t\t<\/div>\r\n\t\t\t\t\t\t\t\t<div class=\"elementor-field-type-text elementor-field-group elementor-column elementor-field-group-budget elementor-col-50 elementor-field-required elementor-mark-required\">\r\n\t\t\t\t\t\t\t\t\t\t\t\t<label for=\"form-field-budget\" class=\"elementor-field-label\">\r\n\t\t\t\t\t\t\t\tYour marketing budget\t\t\t\t\t\t\t<\/label>\r\n\t\t\t\t\t\t\t\t\t\t\t\t\t\t<input size=\"1\" type=\"text\" name=\"form_fields[budget]\" id=\"form-field-budget\" class=\"elementor-field elementor-size-sm  elementor-field-textual\" required=\"required\">\r\n\t\t\t\t\t\t\t\t\t\t\t<\/div>\r\n\t\t\t\t\t\t\t\t<div class=\"elementor-field-type-acceptance elementor-field-group elementor-column elementor-field-group-cookies elementor-col-100 elementor-field-required elementor-mark-required\">\r\n\t\t\t\t\t\t\t\t\t\t\t\t<label for=\"form-field-cookies\" class=\"elementor-field-label\">\r\n\t\t\t\t\t\t\t\tWe may use the personal data contained on this form in order to conduct analysis and measurement regarding engagement with this report, and to reach out to you with marketing communications on subjects we think you may be interested.\t\t\t\t\t\t\t<\/label>\r\n\t\t\t\t\t\t\t\t<div class=\"elementor-field-subgroup\">\r\n\t\t\t<span class=\"elementor-field-option\">\r\n\t\t\t\t<input type=\"checkbox\" name=\"form_fields[cookies]\" id=\"form-field-cookies\" class=\"elementor-field elementor-size-sm  elementor-acceptance-field\" required=\"required\" checked=\"checked\">\r\n\t\t\t\t<label for=\"form-field-cookies\">I agree to receive other communications from Balkan Influencers.<\/label>\t\t\t<\/span>\r\n\t\t<\/div>\r\n\t\t\t\t\t\t<\/div>\r\n\t\t\t\t\t\t\t\t<div class=\"elementor-field-group elementor-column elementor-field-type-submit elementor-col-100 e-form__buttons\">\r\n\t\t\t\t\t<button class=\"elementor-button elementor-size-sm\" type=\"submit\">\r\n\t\t\t\t\t\t<span class=\"elementor-button-content-wrapper\">\r\n\t\t\t\t\t\t\t\t\t\t\t\t\t\t\t\t\t\t\t\t\t\t<span class=\"elementor-button-text\">Contact<\/span>\r\n\t\t\t\t\t\t\t\t\t\t\t\t\t<\/span>\r\n\t\t\t\t\t<\/button>\r\n\t\t\t\t<\/div>\r\n\t\t\t<\/div>\r\n\t\t<input type=\"hidden\" name=\"trp-form-language\" value=\"en\"\/><\/form>\r\n\t\t\t\t\t\t<\/div>\n\t\t\t\t<\/div>\n\t\t\t\t<\/div>\n\t\t\t\t\t<\/div>\n\t\t\t\t<\/div>\n\t\t\t\t<\/div>","protected":false},"excerpt":{"rendered":"<p>Aplikim per Balkan Influencers Brand Faleminderit p\u00ebr interesin tuaj. Ju lutemi plot\u00ebsoni formularin n\u00eb m\u00ebnyr\u00eb q\u00eb ne t\u00eb mund t&#8217;ju ndihmojm\u00eb si duhet. Nj\u00eb p\u00ebrfaq\u00ebsues do t\u00eb kontaktoj\u00eb me ju s\u00eb shpejti p\u00ebr t&#8217;ju ofruar hapat e m\u00ebtejsh\u00ebm n\u00eb procesin e aplikimit.<\/p>","protected":false},"author":1,"featured_media":0,"parent":26177,"menu_order":0,"comment_status":"closed","ping_status":"closed","template":"","meta":{"footnotes":""},"class_list":["post-26175","page","type-page","status-publish","hentry"],"_links":{"self":[{"href":"https:\/\/balkaninfluencers.com\/en\/wp-json\/wp\/v2\/pages\/26175","targetHints":{"allow":["GET"]}}],"collection":[{"href":"https:\/\/balkaninfluencers.com\/en\/wp-json\/wp\/v2\/pages"}],"about":[{"href":"https:\/\/balkaninfluencers.com\/en\/wp-json\/wp\/v2\/types\/page"}],"author":[{"embeddable":true,"href":"https:\/\/balkaninfluencers.com\/en\/wp-json\/wp\/v2\/users\/1"}],"replies":[{"embeddable":true,"href":"https:\/\/balkaninfluencers.com\/en\/wp-json\/wp\/v2\/comments?post=26175"}],"version-history":[{"count":0,"href":"https:\/\/balkaninfluencers.com\/en\/wp-json\/wp\/v2\/pages\/26175\/revisions"}],"up":[{"embeddable":true,"href":"https:\/\/balkaninfluencers.com\/en\/wp-json\/wp\/v2\/pages\/26177"}],"wp:attachment":[{"href":"https:\/\/balkaninfluencers.com\/en\/wp-json\/wp\/v2\/media?parent=26175"}],"curies":[{"name":"wp","href":"https:\/\/api.w.org\/{rel}","templated":true}]}}