{"id":23789,"date":"2024-02-13T11:01:15","date_gmt":"2024-02-13T11:01:15","guid":{"rendered":"https:\/\/landpress.keydesign.xyz\/social-media\/?page_id=23789"},"modified":"2025-12-01T15:23:41","modified_gmt":"2025-12-01T13:23:41","slug":"kontakt","status":"publish","type":"page","link":"https:\/\/balkaninfluencers.com\/en\/kontakt\/","title":{"rendered":"Contact"},"content":{"rendered":"<div data-elementor-type=\"wp-page\" data-elementor-id=\"23789\" class=\"elementor elementor-23789\" data-elementor-post-type=\"page\">\n\t\t\t\t<div class=\"elementor-element elementor-element-ee69520 e-flex e-con-boxed e-con e-parent\" data-id=\"ee69520\" data-element_type=\"container\" data-e-type=\"container\">\n\t\t\t\t\t<div class=\"e-con-inner\">\n\t\t<div class=\"elementor-element elementor-element-00eb6ee e-con-full e-flex e-con e-child\" data-id=\"00eb6ee\" data-element_type=\"container\" data-e-type=\"container\">\n\t\t\t\t<div class=\"elementor-element elementor-element-48dcc0e animated-fast elementor-widget elementor-widget-elementskit-heading\" data-id=\"48dcc0e\" data-element_type=\"widget\" data-e-type=\"widget\" data-settings=\"{&quot;_animation&quot;:&quot;none&quot;,&quot;_animation_delay&quot;:100,&quot;ekit_we_effect_on&quot;:&quot;none&quot;}\" data-widget_type=\"elementskit-heading.default\">\n\t\t\t\t<div class=\"elementor-widget-container\">\n\t\t\t\t\t<div class=\"ekit-wid-con\" ><div class=\"ekit-heading elementskit-section-title-wraper text_left   ekit_heading_tablet-   ekit_heading_mobile-text_left\"><h1 class=\"ekit-heading--title elementskit-section-title\">Let\u2019s connect!<\/h1>\t\t\t\t<div class='ekit-heading__description'>\n\t\t\t\t\t<p>We would like to know more from you, so please contact us!<\/p>\n\t\t\t\t<\/div>\n\t\t\t<\/div><\/div>\t\t\t\t<\/div>\n\t\t\t\t<\/div>\n\t\t\t\t<div class=\"elementor-element elementor-element-5d52b7d elementor-button-align-start elementor-widget elementor-widget-form\" data-id=\"5d52b7d\" data-element_type=\"widget\" data-e-type=\"widget\" data-settings=\"{&quot;step_next_label&quot;:&quot;Next&quot;,&quot;step_previous_label&quot;:&quot;Previous&quot;,&quot;button_width&quot;:&quot;100&quot;,&quot;step_type&quot;:&quot;number_text&quot;,&quot;step_icon_shape&quot;:&quot;circle&quot;,&quot;ekit_we_effect_on&quot;:&quot;none&quot;}\" data-widget_type=\"form.default\">\n\t\t\t\t<div class=\"elementor-widget-container\">\n\t\t\t\t\t\t\t<form class=\"elementor-form\" method=\"post\" name=\"Contact us\" aria-label=\"Contact us\" action=\"\">\r\n\t\t\t<input type=\"hidden\" name=\"post_id\" value=\"23789\"\/>\r\n\t\t\t<input type=\"hidden\" name=\"form_id\" value=\"5d52b7d\"\/>\r\n\t\t\t<input type=\"hidden\" name=\"referer_title\" value=\"\" \/>\r\n\r\n\t\t\t\r\n\t\t\t<div class=\"elementor-form-fields-wrapper elementor-labels-above\">\r\n\t\t\t\t\t\t\t\t<div class=\"elementor-field-type-text elementor-field-group elementor-column elementor-field-group-form_free_consultation_first_name elementor-col-50 elementor-field-required elementor-mark-required\">\r\n\t\t\t\t\t\t\t\t\t\t\t\t<label for=\"form-field-form_free_consultation_first_name\" class=\"elementor-field-label\">\r\n\t\t\t\t\t\t\t\tFirst name\t\t\t\t\t\t\t<\/label>\r\n\t\t\t\t\t\t\t\t\t\t\t\t\t\t<input size=\"1\" type=\"text\" name=\"form_fields[form_free_consultation_first_name]\" id=\"form-field-form_free_consultation_first_name\" class=\"elementor-field elementor-size-sm  elementor-field-textual\" required=\"required\">\r\n\t\t\t\t\t\t\t\t\t\t\t<\/div>\r\n\t\t\t\t\t\t\t\t<div class=\"elementor-field-type-text elementor-field-group elementor-column elementor-field-group-form_free_consultation_last_name elementor-col-50 elementor-field-required elementor-mark-required\">\r\n\t\t\t\t\t\t\t\t\t\t\t\t<label for=\"form-field-form_free_consultation_last_name\" class=\"elementor-field-label\">\r\n\t\t\t\t\t\t\t\tLast name\t\t\t\t\t\t\t<\/label>\r\n\t\t\t\t\t\t\t\t\t\t\t\t\t\t<input size=\"1\" type=\"text\" name=\"form_fields[form_free_consultation_last_name]\" id=\"form-field-form_free_consultation_last_name\" class=\"elementor-field elementor-size-sm  elementor-field-textual\" required=\"required\">\r\n\t\t\t\t\t\t\t\t\t\t\t<\/div>\r\n\t\t\t\t\t\t\t\t<div class=\"elementor-field-type-email elementor-field-group elementor-column elementor-field-group-form_free_email elementor-col-50 elementor-field-required elementor-mark-required\">\r\n\t\t\t\t\t\t\t\t\t\t\t\t<label for=\"form-field-form_free_email\" class=\"elementor-field-label\">\r\n\t\t\t\t\t\t\t\tEmail\t\t\t\t\t\t\t<\/label>\r\n\t\t\t\t\t\t\t\t\t\t\t\t\t\t<input size=\"1\" type=\"email\" name=\"form_fields[form_free_email]\" id=\"form-field-form_free_email\" class=\"elementor-field elementor-size-sm  elementor-field-textual\" required=\"required\">\r\n\t\t\t\t\t\t\t\t\t\t\t<\/div>\r\n\t\t\t\t\t\t\t\t<div class=\"elementor-field-type-tel elementor-field-group elementor-column elementor-field-group-form_free_consultation_phone elementor-col-50 elementor-field-required elementor-mark-required\">\r\n\t\t\t\t\t\t\t\t\t\t\t\t<label for=\"form-field-form_free_consultation_phone\" class=\"elementor-field-label\">\r\n\t\t\t\t\t\t\t\tContact Number\t\t\t\t\t\t\t<\/label>\r\n\t\t\t\t\t\t\t\t<input size=\"1\" type=\"tel\" name=\"form_fields[form_free_consultation_phone]\" id=\"form-field-form_free_consultation_phone\" class=\"elementor-field elementor-size-sm  elementor-field-textual\" required=\"required\" pattern=\"[0-9()#&amp;+*-=.]+\" title=\"Only numbers and phone characters (#, -, *, etc) are accepted.\">\r\n\r\n\t\t\t\t\t\t<\/div>\r\n\t\t\t\t\t\t\t\t<div class=\"elementor-field-type-select elementor-field-group elementor-column elementor-field-group-reasonforcontact elementor-col-100 elementor-field-required elementor-mark-required\">\r\n\t\t\t\t\t\t\t\t\t\t\t\t<label for=\"form-field-reasonforcontact\" class=\"elementor-field-label\">\r\n\t\t\t\t\t\t\t\tReason for contacting\t\t\t\t\t\t\t<\/label>\r\n\t\t\t\t\t\t\t\t<div class=\"elementor-field elementor-select-wrapper remove-before\">\r\n\t\t\t<div class=\"select-caret-down-wrapper\">\r\n\t\t\t\t<i aria-hidden=\"true\" class=\"eicon-caret-down\"><\/i>\t\t\t<\/div>\r\n\t\t\t<select name=\"form_fields[reasonforcontact]\" id=\"form-field-reasonforcontact\" class=\"elementor-field-textual elementor-size-sm\" required=\"required\">\r\n\t\t\t\t\t\t\t\t\t<option value=\"-Zgjidhni Arsyen-\">-Choose Reason-<\/option>\r\n\t\t\t\t\t\t\t\t\t<option value=\"Aplikim p\u00ebr fushata marketing\">Application for marketing campaigns<\/option>\r\n\t\t\t\t\t\t\t\t\t<option value=\"Aplikim p\u00ebr influencer\">Influencer application<\/option>\r\n\t\t\t\t\t\t\t\t\t<option value=\"Aplikim p\u00ebr punonj\u00ebs\/e\">Employee application<\/option>\r\n\t\t\t\t\t\t\t\t\t<option value=\"Aplikim p\u00ebr bashk\u00ebpuntor\u00eb\">Application for collaborators<\/option>\r\n\t\t\t\t\t\t\t<\/select>\r\n\t\t<\/div>\r\n\t\t\t\t\t\t<\/div>\r\n\t\t\t\t\t\t\t\t<div class=\"elementor-field-type-select elementor-field-group elementor-column elementor-field-group-country elementor-col-100 elementor-field-required elementor-mark-required\">\r\n\t\t\t\t\t\t\t\t\t\t\t\t<label for=\"form-field-country\" class=\"elementor-field-label\">\r\n\t\t\t\t\t\t\t\tCountry\t\t\t\t\t\t\t<\/label>\r\n\t\t\t\t\t\t\t\t<div class=\"elementor-field elementor-select-wrapper remove-before\">\r\n\t\t\t<div class=\"select-caret-down-wrapper\">\r\n\t\t\t\t<i aria-hidden=\"true\" class=\"eicon-caret-down\"><\/i>\t\t\t<\/div>\r\n\t\t\t<select name=\"form_fields[country]\" id=\"form-field-country\" class=\"elementor-field-textual elementor-size-sm\" required=\"required\">\r\n\t\t\t\t\t\t\t\t\t<option value=\"-Zgjidhni shtetin-\">-Choose country-<\/option>\r\n\t\t\t\t\t\t\t\t\t<option value=\"Shqip\u00ebri\">Albania<\/option>\r\n\t\t\t\t\t\t\t\t\t<option value=\"Kosov\u00eb\">Kosovo<\/option>\r\n\t\t\t\t\t\t\t\t\t<option value=\"Maqedonia e Veriut\">North Macedonia<\/option>\r\n\t\t\t\t\t\t\t\t\t<option value=\"Serbi\">Serbia<\/option>\r\n\t\t\t\t\t\t\t\t\t<option value=\"Greqi\">Greece<\/option>\r\n\t\t\t\t\t\t\t\t\t<option value=\"Tjet\u00ebr\">Other<\/option>\r\n\t\t\t\t\t\t\t<\/select>\r\n\t\t<\/div>\r\n\t\t\t\t\t\t<\/div>\r\n\t\t\t\t\t\t\t\t<div class=\"elementor-field-type-textarea elementor-field-group elementor-column elementor-field-group-details elementor-col-100 elementor-field-required elementor-mark-required\">\r\n\t\t\t\t\t\t\t\t\t\t\t\t<label for=\"form-field-details\" class=\"elementor-field-label\">\r\n\t\t\t\t\t\t\t\tApplication details\t\t\t\t\t\t\t<\/label>\r\n\t\t\t\t\t\t<textarea class=\"elementor-field-textual elementor-field  elementor-size-sm\" name=\"form_fields[details]\" id=\"form-field-details\" rows=\"2\" required=\"required\"><\/textarea>\t\t\t\t<\/div>\r\n\t\t\t\t\t\t\t\t<div class=\"elementor-field-type-select elementor-field-group elementor-column elementor-field-group-hear elementor-col-100\">\r\n\t\t\t\t\t\t\t\t\t\t\t\t<label for=\"form-field-hear\" class=\"elementor-field-label\">\r\n\t\t\t\t\t\t\t\tWhere did you hear about Shet Influencer?\t\t\t\t\t\t\t<\/label>\r\n\t\t\t\t\t\t\t\t<div class=\"elementor-field elementor-select-wrapper remove-before\">\r\n\t\t\t<div class=\"select-caret-down-wrapper\">\r\n\t\t\t\t<i aria-hidden=\"true\" class=\"eicon-caret-down\"><\/i>\t\t\t<\/div>\r\n\t\t\t<select name=\"form_fields[hear]\" id=\"form-field-hear\" class=\"elementor-field-textual elementor-size-sm\">\r\n\t\t\t\t\t\t\t\t\t<option value=\"-Zgjidhni-\">-Choose option-<\/option>\r\n\t\t\t\t\t\t\t\t\t<option value=\"LinkedIn\">LinkedIn<\/option>\r\n\t\t\t\t\t\t\t\t\t<option value=\"Instagram\">Instagram<\/option>\r\n\t\t\t\t\t\t\t\t\t<option value=\"Evente\">Events<\/option>\r\n\t\t\t\t\t\t\t\t\t<option value=\"K\u00ebrkimet tuaja\">From searching<\/option>\r\n\t\t\t\t\t\t\t\t\t<option value=\"N\u00ebp\u00ebrmjet nj\u00eb shoku\/shoqe\">Through a friend<\/option>\r\n\t\t\t\t\t\t\t<\/select>\r\n\t\t<\/div>\r\n\t\t\t\t\t\t<\/div>\r\n\t\t\t\t\t\t\t\t<div class=\"elementor-field-type-acceptance elementor-field-group elementor-column elementor-field-group-cookies elementor-col-100 elementor-field-required elementor-mark-required\">\r\n\t\t\t\t\t\t\t\t\t\t\t\t<label for=\"form-field-cookies\" class=\"elementor-field-label\">\r\n\t\t\t\t\t\t\t\tWE MAY USE THE PERSONAL DATA INCLUDED IN THIS FORM TO CONDUCT ANALYSIS AND MEASUREMENT RELATED TO ENGAGEMENT TO THIS REPORT, AS WELL AS TO CONTACT YOU WITH MARKETING COMMUNICATIONS ON TOPICS THAT WE THINK MAY INTEREST YOU.\t\t\t\t\t\t\t<\/label>\r\n\t\t\t\t\t\t\t\t<div class=\"elementor-field-subgroup\">\r\n\t\t\t<span class=\"elementor-field-option\">\r\n\t\t\t\t<input type=\"checkbox\" name=\"form_fields[cookies]\" id=\"form-field-cookies\" class=\"elementor-field elementor-size-sm  elementor-acceptance-field\" required=\"required\" checked=\"checked\">\r\n\t\t\t\t<label for=\"form-field-cookies\">I agree to receive other communications from SHET Influencers.<\/label>\t\t\t<\/span>\r\n\t\t<\/div>\r\n\t\t\t\t\t\t<\/div>\r\n\t\t\t\t\t\t\t\t<div class=\"elementor-field-group elementor-column elementor-field-type-submit elementor-col-100 e-form__buttons\">\r\n\t\t\t\t\t<button class=\"elementor-button elementor-size-sm\" type=\"submit\">\r\n\t\t\t\t\t\t<span class=\"elementor-button-content-wrapper\">\r\n\t\t\t\t\t\t\t\t\t\t\t\t\t\t\t\t\t\t\t\t\t\t<span class=\"elementor-button-text\">Send<\/span>\r\n\t\t\t\t\t\t\t\t\t\t\t\t\t<\/span>\r\n\t\t\t\t\t<\/button>\r\n\t\t\t\t<\/div>\r\n\t\t\t<\/div>\r\n\t\t<input type=\"hidden\" name=\"trp-form-language\" value=\"en\"\/><\/form>\r\n\t\t\t\t\t\t<\/div>\n\t\t\t\t<\/div>\n\t\t\t\t<\/div>\n\t\t<div class=\"elementor-element elementor-element-345bb7b e-flex e-con-boxed e-con e-child\" data-id=\"345bb7b\" data-element_type=\"container\" data-e-type=\"container\" data-settings=\"{&quot;background_background&quot;:&quot;classic&quot;}\">\n\t\t\t\t\t<div class=\"e-con-inner\">\n\t\t\t\t\t<\/div>\n\t\t\t\t<\/div>\n\t\t\t\t\t<\/div>\n\t\t\t\t<\/div>\n\t\t<div class=\"elementor-element elementor-element-db684eb e-flex e-con-boxed e-con e-parent\" data-id=\"db684eb\" data-element_type=\"container\" data-e-type=\"container\" data-settings=\"{&quot;background_background&quot;:&quot;classic&quot;}\">\n\t\t\t\t\t<div class=\"e-con-inner\">\n\t\t<div class=\"elementor-element elementor-element-4a7a279 e-flex e-con-boxed e-con e-child\" data-id=\"4a7a279\" data-element_type=\"container\" data-e-type=\"container\">\n\t\t\t\t\t<div class=\"e-con-inner\">\n\t\t\t\t<div class=\"elementor-element elementor-element-a6f528d elementor-widget__width-initial elementor-widget elementor-widget-heading\" data-id=\"a6f528d\" data-element_type=\"widget\" data-e-type=\"widget\" data-settings=\"{&quot;ekit_we_effect_on&quot;:&quot;none&quot;}\" data-widget_type=\"heading.default\">\n\t\t\t\t<div class=\"elementor-widget-container\">\n\t\t\t\t\t<h2 class=\"elementor-heading-title elementor-size-default\">Our locations<\/h2>\t\t\t\t<\/div>\n\t\t\t\t<\/div>\n\t\t\t\t<div class=\"elementor-element elementor-element-549c4c3 elementor-widget elementor-widget-text-editor\" data-id=\"549c4c3\" data-element_type=\"widget\" data-e-type=\"widget\" data-settings=\"{&quot;ekit_we_effect_on&quot;:&quot;none&quot;}\" data-widget_type=\"text-editor.default\">\n\t\t\t\t<div class=\"elementor-widget-container\">\n\t\t\t\t\t\t\t\t\t<p>SHET is physically present in two countries, with our offices in Tirana and Prishtina. However, our reach goes beyond these borders, operating with numerous collaborations in other Balkan countries. Through our extensive network and strategic partnerships, we provide high-quality services to our clients throughout the region.<\/p>\t\t\t\t\t\t\t\t<\/div>\n\t\t\t\t<\/div>\n\t\t\t\t\t<\/div>\n\t\t\t\t<\/div>\n\t\t\t\t\t<\/div>\n\t\t\t\t<\/div>\n\t\t<div class=\"elementor-element elementor-element-8c29253 e-con-full e-flex e-con e-parent\" data-id=\"8c29253\" data-element_type=\"container\" data-e-type=\"container\">\n\t\t<div class=\"elementor-element elementor-element-730428c e-con-full e-flex e-con e-child\" data-id=\"730428c\" data-element_type=\"container\" data-e-type=\"container\" data-settings=\"{&quot;background_background&quot;:&quot;classic&quot;}\">\n\t\t\t\t<div class=\"elementor-element elementor-element-c824950 elementor-widget elementor-widget-image\" data-id=\"c824950\" data-element_type=\"widget\" data-e-type=\"widget\" data-settings=\"{&quot;ekit_we_effect_on&quot;:&quot;none&quot;}\" data-widget_type=\"image.default\">\n\t\t\t\t<div class=\"elementor-widget-container\">\n\t\t\t\t\t\t\t\t\t\t\t\t\t\t\t<img decoding=\"async\" width=\"254\" height=\"160\" src=\"https:\/\/balkaninfluencers.com\/wp-content\/uploads\/2025\/01\/shet-logo.png\" class=\"attachment-full size-full wp-image-28853\" alt=\"\" srcset=\"https:\/\/balkaninfluencers.com\/wp-content\/uploads\/2025\/01\/shet-logo.png 254w, https:\/\/balkaninfluencers.com\/wp-content\/uploads\/2025\/01\/shet-logo-18x12.png 18w, https:\/\/balkaninfluencers.com\/wp-content\/uploads\/2025\/01\/shet-logo-24x15.png 24w, https:\/\/balkaninfluencers.com\/wp-content\/uploads\/2025\/01\/shet-logo-36x23.png 36w, https:\/\/balkaninfluencers.com\/wp-content\/uploads\/2025\/01\/shet-logo-48x30.png 48w\" sizes=\"(max-width: 254px) 100vw, 254px\" \/>\t\t\t\t\t\t\t\t\t\t\t\t\t\t\t<\/div>\n\t\t\t\t<\/div>\n\t\t\t\t<div class=\"elementor-element elementor-element-dd8ae35 elementor-widget elementor-widget-heading\" data-id=\"dd8ae35\" data-element_type=\"widget\" data-e-type=\"widget\" data-settings=\"{&quot;ekit_we_effect_on&quot;:&quot;none&quot;}\" data-widget_type=\"heading.default\">\n\t\t\t\t<div class=\"elementor-widget-container\">\n\t\t\t\t\t<h2 class=\"elementor-heading-title elementor-size-default\">Tirana, Albania<\/h2>\t\t\t\t<\/div>\n\t\t\t\t<\/div>\n\t\t\t\t<div class=\"elementor-element elementor-element-e4cee4b elementor-widget elementor-widget-text-editor\" data-id=\"e4cee4b\" data-element_type=\"widget\" data-e-type=\"widget\" data-settings=\"{&quot;ekit_we_effect_on&quot;:&quot;none&quot;}\" data-widget_type=\"text-editor.default\">\n\t\t\t\t<div class=\"elementor-widget-container\">\n\t\t\t\t\t\t\t\t\t<span style=\"color: white !important;\">Rruga &#8220;Sami Frasheri&#8221;, Qendra Metropol, Kati 1\n<\/span>\t\t\t\t\t\t\t\t<\/div>\n\t\t\t\t<\/div>\n\t\t\t\t<\/div>\n\t\t<div class=\"elementor-element elementor-element-12b377f e-con-full e-flex e-con e-child\" data-id=\"12b377f\" data-element_type=\"container\" data-e-type=\"container\" data-settings=\"{&quot;background_background&quot;:&quot;classic&quot;}\">\n\t\t\t\t<div class=\"elementor-element elementor-element-f239680 elementor-widget elementor-widget-image\" data-id=\"f239680\" data-element_type=\"widget\" data-e-type=\"widget\" data-settings=\"{&quot;ekit_we_effect_on&quot;:&quot;none&quot;}\" data-widget_type=\"image.default\">\n\t\t\t\t<div class=\"elementor-widget-container\">\n\t\t\t\t\t\t\t\t\t\t\t\t\t\t\t<img decoding=\"async\" width=\"254\" height=\"160\" src=\"https:\/\/balkaninfluencers.com\/wp-content\/uploads\/2025\/01\/shet-logo.png\" class=\"attachment-full size-full wp-image-28853\" alt=\"\" srcset=\"https:\/\/balkaninfluencers.com\/wp-content\/uploads\/2025\/01\/shet-logo.png 254w, https:\/\/balkaninfluencers.com\/wp-content\/uploads\/2025\/01\/shet-logo-18x12.png 18w, https:\/\/balkaninfluencers.com\/wp-content\/uploads\/2025\/01\/shet-logo-24x15.png 24w, https:\/\/balkaninfluencers.com\/wp-content\/uploads\/2025\/01\/shet-logo-36x23.png 36w, https:\/\/balkaninfluencers.com\/wp-content\/uploads\/2025\/01\/shet-logo-48x30.png 48w\" sizes=\"(max-width: 254px) 100vw, 254px\" \/>\t\t\t\t\t\t\t\t\t\t\t\t\t\t\t<\/div>\n\t\t\t\t<\/div>\n\t\t\t\t<div class=\"elementor-element elementor-element-446db49 elementor-widget elementor-widget-heading\" data-id=\"446db49\" data-element_type=\"widget\" data-e-type=\"widget\" data-settings=\"{&quot;ekit_we_effect_on&quot;:&quot;none&quot;}\" data-widget_type=\"heading.default\">\n\t\t\t\t<div class=\"elementor-widget-container\">\n\t\t\t\t\t<h2 class=\"elementor-heading-title elementor-size-default\">Pristina, Kosovo<\/h2>\t\t\t\t<\/div>\n\t\t\t\t<\/div>\n\t\t\t\t<div class=\"elementor-element elementor-element-b27f2af elementor-widget elementor-widget-text-editor\" data-id=\"b27f2af\" data-element_type=\"widget\" data-e-type=\"widget\" data-settings=\"{&quot;ekit_we_effect_on&quot;:&quot;none&quot;}\" data-widget_type=\"text-editor.default\">\n\t\t\t\t<div class=\"elementor-widget-container\">\n\t\t\t\t\t\t\t\t\t<span style=\"color: white !important;\">16 Bulevardi Nene Tereza 2-4,1 Prishtine<\/span>\t\t\t\t\t\t\t\t<\/div>\n\t\t\t\t<\/div>\n\t\t\t\t<\/div>\n\t\t\t\t<\/div>\n\t\t<div class=\"elementor-element elementor-element-2b12cc5 e-flex e-con-boxed e-con e-parent\" data-id=\"2b12cc5\" data-element_type=\"container\" data-e-type=\"container\">\n\t\t\t\t\t<div class=\"e-con-inner\">\n\t\t<div class=\"elementor-element elementor-element-1f382d1 e-con-full e-flex e-con e-child\" data-id=\"1f382d1\" data-element_type=\"container\" data-e-type=\"container\">\n\t\t\t\t<\/div>\n\t\t<div class=\"elementor-element elementor-element-52ba94c e-con-full e-flex e-con e-child\" data-id=\"52ba94c\" data-element_type=\"container\" data-e-type=\"container\">\n\t\t\t\t<div class=\"elementor-element elementor-element-37180c0 elementor-widget elementor-widget-heading\" data-id=\"37180c0\" data-element_type=\"widget\" data-e-type=\"widget\" data-settings=\"{&quot;ekit_we_effect_on&quot;:&quot;none&quot;}\" data-widget_type=\"heading.default\">\n\t\t\t\t<div class=\"elementor-widget-container\">\n\t\t\t\t\t<h2 class=\"elementor-heading-title elementor-size-default\">Contact<\/h2>\t\t\t\t<\/div>\n\t\t\t\t<\/div>\n\t\t\t\t<\/div>\n\t\t<div class=\"elementor-element elementor-element-adcc15c e-con-full e-flex e-con e-child\" data-id=\"adcc15c\" data-element_type=\"container\" data-e-type=\"container\">\n\t\t\t\t<\/div>\n\t\t<div class=\"elementor-element elementor-element-f1367e1 e-con-full e-flex e-con e-child\" data-id=\"f1367e1\" data-element_type=\"container\" data-e-type=\"container\">\n\t\t\t\t<div class=\"elementor-element elementor-element-2c4ff4a elementor-widget elementor-widget-heading\" data-id=\"2c4ff4a\" data-element_type=\"widget\" data-e-type=\"widget\" data-settings=\"{&quot;ekit_we_effect_on&quot;:&quot;none&quot;}\" data-widget_type=\"heading.default\">\n\t\t\t\t<div class=\"elementor-widget-container\">\n\t\t\t\t\t<h2 class=\"elementor-heading-title elementor-size-default\">Phone<\/h2>\t\t\t\t<\/div>\n\t\t\t\t<\/div>\n\t\t\t\t<div class=\"elementor-element elementor-element-2e401ea elementor-widget elementor-widget-text-editor\" data-id=\"2e401ea\" data-element_type=\"widget\" data-e-type=\"widget\" data-settings=\"{&quot;ekit_we_effect_on&quot;:&quot;none&quot;}\" data-widget_type=\"text-editor.default\">\n\t\t\t\t<div class=\"elementor-widget-container\">\n\t\t\t\t\t\t\t\t\t<p><a href=\"tel:+355 69 404 4575\">+355 69 404 4575<\/a><\/p>\t\t\t\t\t\t\t\t<\/div>\n\t\t\t\t<\/div>\n\t\t\t\t<\/div>\n\t\t<div class=\"elementor-element elementor-element-ff15a74 e-con-full e-flex e-con e-child\" data-id=\"ff15a74\" data-element_type=\"container\" data-e-type=\"container\">\n\t\t\t\t<div class=\"elementor-element elementor-element-00f4d02 elementor-widget elementor-widget-heading\" data-id=\"00f4d02\" data-element_type=\"widget\" data-e-type=\"widget\" data-settings=\"{&quot;ekit_we_effect_on&quot;:&quot;none&quot;}\" data-widget_type=\"heading.default\">\n\t\t\t\t<div class=\"elementor-widget-container\">\n\t\t\t\t\t<h2 class=\"elementor-heading-title elementor-size-default\">Email<\/h2>\t\t\t\t<\/div>\n\t\t\t\t<\/div>\n\t\t\t\t<div class=\"elementor-element elementor-element-2d98b3f elementor-widget elementor-widget-text-editor\" data-id=\"2d98b3f\" data-element_type=\"widget\" data-e-type=\"widget\" data-settings=\"{&quot;ekit_we_effect_on&quot;:&quot;none&quot;}\" data-widget_type=\"text-editor.default\">\n\t\t\t\t<div class=\"elementor-widget-container\">\n\t\t\t\t\t\t\t\t\t<p><a href=\"mailto:info@balkaninfluencers.com\">info@balkaninfluencers.com<\/a><\/p>\t\t\t\t\t\t\t\t<\/div>\n\t\t\t\t<\/div>\n\t\t\t\t<\/div>\n\t\t\t\t\t<\/div>\n\t\t\t\t<\/div>\n\t\t\t\t<\/div>","protected":false},"excerpt":{"rendered":"<p>Let\u2019s connect! Do t\u00eb donim t\u00eb dinim m\u00eb shum\u00eb nga ju, ndaj ju lutemi na kontaktoni! Vendndodhjet tona SHET \u00ebsht\u00eb i pranish\u00ebm fizikisht n\u00eb dy shtete, me zyrat tona n\u00eb Tiran\u00eb dhe Prishtin\u00eb. Megjithat\u00eb, shtrirja jon\u00eb shkon p\u00ebrtej k\u00ebtyre kufijve, duke operuar me bashk\u00ebpunime t\u00eb shumta n\u00eb vende t\u00eb tjera t\u00eb Ballkanit. P\u00ebrmes rrjetit ton\u00eb [&hellip;]<\/p>","protected":false},"author":1,"featured_media":0,"parent":0,"menu_order":0,"comment_status":"closed","ping_status":"closed","template":"","meta":{"footnotes":""},"class_list":["post-23789","page","type-page","status-publish","hentry"],"_links":{"self":[{"href":"https:\/\/balkaninfluencers.com\/en\/wp-json\/wp\/v2\/pages\/23789","targetHints":{"allow":["GET"]}}],"collection":[{"href":"https:\/\/balkaninfluencers.com\/en\/wp-json\/wp\/v2\/pages"}],"about":[{"href":"https:\/\/balkaninfluencers.com\/en\/wp-json\/wp\/v2\/types\/page"}],"author":[{"embeddable":true,"href":"https:\/\/balkaninfluencers.com\/en\/wp-json\/wp\/v2\/users\/1"}],"replies":[{"embeddable":true,"href":"https:\/\/balkaninfluencers.com\/en\/wp-json\/wp\/v2\/comments?post=23789"}],"version-history":[{"count":0,"href":"https:\/\/balkaninfluencers.com\/en\/wp-json\/wp\/v2\/pages\/23789\/revisions"}],"wp:attachment":[{"href":"https:\/\/balkaninfluencers.com\/en\/wp-json\/wp\/v2\/media?parent=23789"}],"curies":[{"name":"wp","href":"https:\/\/api.w.org\/{rel}","templated":true}]}}